{"id":70,"date":"2018-08-02T11:20:20","date_gmt":"2018-08-02T11:20:20","guid":{"rendered":"http:\/\/www.richmondlanguage.fr\/?page_id=70"},"modified":"2020-09-26T12:22:08","modified_gmt":"2020-09-26T12:22:08","slug":"nos-temoignages","status":"publish","type":"page","link":"https:\/\/richmondlanguage.com\/?page_id=70","title":{"rendered":"Nos t\u00e9moignages"},"content":{"rendered":"<p>[vc_row][vc_column width=\u00a0\u00bb1\/6&Prime;][\/vc_column][vc_column width=\u00a0\u00bb2\/3&Prime;]<style type=\"text\/css\" data-type=\"the7_shortcodes-inline-css\">@import \"dt-testimonials.less\";\n.dt-testimonials-shortcode.testimonials-masonry-shortcode-id-79045dc5c0dee95f0dd11456a871ef70 .filter-bg-decoration .filter-categories a.act {\n  color: #fff;\n}\n.dt-testimonials-shortcode.testimonials-masonry-shortcode-id-79045dc5c0dee95f0dd11456a871ef70:not(.resize-by-browser-width) .dt-css-grid {\n  grid-row-gap: 30px;\n  grid-column-gap: 30px;\n  grid-template-columns: repeat(auto-fill,minmax(,1fr));\n}\n.cssgridlegacy.no-cssgrid .dt-testimonials-shortcode.testimonials-masonry-shortcode-id-79045dc5c0dee95f0dd11456a871ef70:not(.resize-by-browser-width) .dt-css-grid,\n.no-cssgridlegacy.no-cssgrid .dt-testimonials-shortcode.testimonials-masonry-shortcode-id-79045dc5c0dee95f0dd11456a871ef70:not(.resize-by-browser-width) .dt-css-grid {\n  display: flex;\n  flex-flow: row wrap;\n  margin: -15px;\n}\n.cssgridlegacy.no-cssgrid .dt-testimonials-shortcode.testimonials-masonry-shortcode-id-79045dc5c0dee95f0dd11456a871ef70:not(.resize-by-browser-width) .dt-css-grid .wf-cell,\n.no-cssgridlegacy.no-cssgrid .dt-testimonials-shortcode.testimonials-masonry-shortcode-id-79045dc5c0dee95f0dd11456a871ef70:not(.resize-by-browser-width) .dt-css-grid .wf-cell {\n  flex: 1 0 ;\n  max-width: 100%;\n  padding: 15px;\n  box-sizing: border-box;\n}\n.dt-testimonials-shortcode.testimonials-masonry-shortcode-id-79045dc5c0dee95f0dd11456a871ef70.resize-by-browser-width .dt-css-grid {\n  grid-template-columns: repeat(3,1fr);\n  grid-template-rows: auto;\n  grid-column-gap: 30px;\n  grid-row-gap: 30px;\n}\n.cssgridlegacy.no-cssgrid .dt-testimonials-shortcode.testimonials-masonry-shortcode-id-79045dc5c0dee95f0dd11456a871ef70.resize-by-browser-width .dt-css-grid,\n.no-cssgridlegacy.no-cssgrid .dt-testimonials-shortcode.testimonials-masonry-shortcode-id-79045dc5c0dee95f0dd11456a871ef70.resize-by-browser-width .dt-css-grid {\n  margin: -15px;\n}\n.cssgridlegacy.no-cssgrid .dt-testimonials-shortcode.testimonials-masonry-shortcode-id-79045dc5c0dee95f0dd11456a871ef70.resize-by-browser-width .dt-css-grid .wf-cell,\n.no-cssgridlegacy.no-cssgrid .dt-testimonials-shortcode.testimonials-masonry-shortcode-id-79045dc5c0dee95f0dd11456a871ef70.resize-by-browser-width .dt-css-grid .wf-cell {\n  width: 33.333333333333%;\n  padding: 15px;\n}\n@media screen and (max-width: 1199px) {\n  .dt-testimonials-shortcode.testimonials-masonry-shortcode-id-79045dc5c0dee95f0dd11456a871ef70.resize-by-browser-width .dt-css-grid {\n    grid-template-columns: repeat(3,1fr);\n  }\n  .cssgridlegacy.no-cssgrid .dt-testimonials-shortcode.testimonials-masonry-shortcode-id-79045dc5c0dee95f0dd11456a871ef70.resize-by-browser-width .dt-css-grid .wf-cell,\n  .no-cssgridlegacy.no-cssgrid .dt-testimonials-shortcode.testimonials-masonry-shortcode-id-79045dc5c0dee95f0dd11456a871ef70.resize-by-browser-width .dt-css-grid .wf-cell {\n    width: 33.333333333333%;\n  }\n}\n@media screen and (max-width: 991px) {\n  .dt-testimonials-shortcode.testimonials-masonry-shortcode-id-79045dc5c0dee95f0dd11456a871ef70.resize-by-browser-width .dt-css-grid {\n    grid-template-columns: repeat(2,1fr);\n  }\n  .cssgridlegacy.no-cssgrid .dt-testimonials-shortcode.testimonials-masonry-shortcode-id-79045dc5c0dee95f0dd11456a871ef70.resize-by-browser-width .dt-css-grid .wf-cell,\n  .no-cssgridlegacy.no-cssgrid .dt-testimonials-shortcode.testimonials-masonry-shortcode-id-79045dc5c0dee95f0dd11456a871ef70.resize-by-browser-width .dt-css-grid .wf-cell {\n    width: 50%;\n  }\n}\n@media screen and (max-width: 767px) {\n  .dt-testimonials-shortcode.testimonials-masonry-shortcode-id-79045dc5c0dee95f0dd11456a871ef70.resize-by-browser-width .dt-css-grid {\n    grid-template-columns: repeat(1,1fr);\n  }\n  .cssgridlegacy.no-cssgrid .dt-testimonials-shortcode.testimonials-masonry-shortcode-id-79045dc5c0dee95f0dd11456a871ef70.resize-by-browser-width .dt-css-grid .wf-cell,\n  .no-cssgridlegacy.no-cssgrid .dt-testimonials-shortcode.testimonials-masonry-shortcode-id-79045dc5c0dee95f0dd11456a871ef70.resize-by-browser-width .dt-css-grid .wf-cell {\n    width: 100%;\n  }\n}\n<\/style><div class=\"dt-testimonials-masonry-shortcode dt-testimonials-shortcode testimonials-masonry-shortcode-id-79045dc5c0dee95f0dd11456a871ef70 loading-effect-move-up content-align-left mode-grid content-bg-on layout-1 scale-img dt-css-grid-wrap jquery-filter dt-css-grid-wrap resize-by-browser-width  \" data-padding=\"15px\" data-cur-page=\"1\" data-post-limit=\"-1\" data-pagination-mode=\"none\" data-desktop-columns-num=\"3\" data-v-tablet-columns-num=\"2\" data-h-tablet-columns-num=\"3\" data-phone-columns-num=\"1\" data-width=\"0px\" data-columns=\"0\"><div class=\"dt-css-grid\" ><div class=\"wf-cell\" data-post-id=\"96\" data-date=\"2018-08-11T10:31:33+00:00\" data-name=\"Mathilde Fabis\"><div class=\"testimonial-item\"><div class=\"testimonial-avatar\"><span class=\"testimonial-thumb layzr-bg\"><img loading=\"lazy\" decoding=\"async\" class=\"preload-me iso-lazy-load\" src=\"data:image\/svg+xml,%3Csvg%20xmlns%3D&#39;http%3A%2F%2Fwww.w3.org%2F2000%2Fsvg&#39;%20viewBox%3D&#39;0%200%2080%2080&#39;%2F%3E\" data-src=\"https:\/\/richmondlanguage.com\/wp-content\/uploads\/2018\/08\/mathilde-fabis-005-80x80.jpg\" data-srcset=\"https:\/\/richmondlanguage.com\/wp-content\/uploads\/2018\/08\/mathilde-fabis-005-80x80.jpg 80w, https:\/\/richmondlanguage.com\/wp-content\/uploads\/2018\/08\/mathilde-fabis-005-160x160.jpg 160w\" width=\"80\" height=\"80\"   alt=\"\" \/><\/span><\/div><div class=\"content-wrap\"><div class=\"testimonial-vcard\"><div class=\"testimonial-name\"><span class=\"text-primary\">Mathilde Fabis<\/span><br \/><\/div><div class=\"testimonial-position\"><\/div><\/div><div class=\"testimonial-content\"><p>Mathilde Fabis, Credit Officer, Groupe BNP Paribas Gr\u00e2ce \u00e0 la m\u00e9thode Ph\u00e9nix de RICHMOND LANGUAGE INSTITUTE j\u2019ai pu rapidement acqu\u00e9rir un niveau de connaissance qui m\u2019a permis de d\u00e9crocher mon nouvel emploi au sein des services internationaux de mon entreprise. La m\u00e9thode pratique et directe me donne aisance et confiance jour apr\u00e8s jour. &nbsp;<br \/>\n<a href=\"https:\/\/richmondlanguage.com\/?dt_testimonials=mathilde-fabis\" class=\"more-link\" aria-label=\"En savoir plus sur Mathilde Fabis\">lire la suite<\/a><\/p>\n<\/div><\/div><\/div><\/div><div class=\"wf-cell\" data-post-id=\"75\" data-date=\"2018-08-02T11:24:07+00:00\" data-name=\"Thomas Gass, Etudiant  Arts &amp; M\u00e9tiers Lille\"><div class=\"testimonial-item\"><div class=\"testimonial-avatar\"><span class=\"testimonial-thumb layzr-bg\"><img loading=\"lazy\" decoding=\"async\" class=\"preload-me iso-lazy-load\" src=\"data:image\/svg+xml,%3Csvg%20xmlns%3D&#39;http%3A%2F%2Fwww.w3.org%2F2000%2Fsvg&#39;%20viewBox%3D&#39;0%200%2080%2080&#39;%2F%3E\" data-src=\"https:\/\/richmondlanguage.com\/wp-content\/uploads\/2018\/08\/IMG_32011-80x80.jpg\" data-srcset=\"https:\/\/richmondlanguage.com\/wp-content\/uploads\/2018\/08\/IMG_32011-80x80.jpg 80w, https:\/\/richmondlanguage.com\/wp-content\/uploads\/2018\/08\/IMG_32011-160x160.jpg 160w\" width=\"80\" height=\"80\"   alt=\"\" \/><\/span><\/div><div class=\"content-wrap\"><div class=\"testimonial-vcard\"><div class=\"testimonial-name\"><span class=\"text-primary\">Thomas Gass, Etudiant  Arts &#038; M\u00e9tiers Lille<\/span><br \/><\/div><div class=\"testimonial-position\"><\/div><\/div><div class=\"testimonial-content\"><p>Thomas Gass, Etudiant Arts &amp; M\u00e9tiers Lille RICHMOND LANGUAGE INSTITUTE m\u2019a permis de progresser significativement en anglais. La m\u00e9thodologie bas\u00e9e sur le pratique est hyper-\u00e9fficace et m\u2019a donn\u00e9, en plus de la connaissance, la confiance n\u00e9cessaire pour pr\u00e9senter les examens d\u2019entr\u00e9e \u00e0 mon Ecole Sup\u00e9rieure<\/p>\n<\/div><\/div><\/div><\/div><\/div><!-- iso-container|iso-grid --><\/div>[\/vc_column][vc_column width=\u00a0\u00bb1\/6&Prime;][\/vc_column][\/vc_row][vc_row][vc_column width=\u00a0\u00bb1\/6&Prime;][\/vc_column][vc_column width=\u00a0\u00bb2\/3&Prime;][vc_column_text]<\/p>\n<h2>Mathilde Fabis, Credit Officer, Groupe BNP Paribas<\/h2>\n<p>Gr\u00e2ce \u00e0 la m\u00e9thode Ph\u00e9nix de RICHMOND LANGUAGE INSTITUTE j\u2019ai pu rapidement acqu\u00e9rir un niveau de connaissance qui m\u2019a permis de d\u00e9crocher mon nouvel emploi au sein des services internationaux de mon entreprise.<\/p>\n<p>La m\u00e9thode pratique et directe me donne aisance et confiance jour apr\u00e8s jour.<\/p>\n<p>&nbsp;<\/p>\n<p><img data-recalc-dims=\"1\" loading=\"lazy\" decoding=\"async\" class=\"alignnone wp-image-108\" src=\"https:\/\/i0.wp.com\/richmondlanguage.com\/wp-content\/uploads\/2018\/08\/mathilde-fabis-005.jpg?resize=129%2C129&#038;ssl=1\" alt=\"\" width=\"129\" height=\"129\" srcset=\"https:\/\/i0.wp.com\/richmondlanguage.com\/wp-content\/uploads\/2018\/08\/mathilde-fabis-005.jpg?w=400&amp;ssl=1 400w, https:\/\/i0.wp.com\/richmondlanguage.com\/wp-content\/uploads\/2018\/08\/mathilde-fabis-005.jpg?resize=150%2C150&amp;ssl=1 150w, https:\/\/i0.wp.com\/richmondlanguage.com\/wp-content\/uploads\/2018\/08\/mathilde-fabis-005.jpg?resize=300%2C300&amp;ssl=1 300w\" sizes=\"auto, (max-width: 129px) 100vw, 129px\" \/>[\/vc_column_text][vc_column_text]<\/p>\n<h2><strong>Thomas Gass, Etudiant Arts &amp; M\u00e9tiers Lille<\/strong><\/h2>\n<p>RICHMOND LANGUAGE INSTITUTE m\u2019a permis de progresser significativement en anglais. La m\u00e9thodologie bas\u00e9e sur le pratique est hyper-\u00e9fficace et m\u2019a donn\u00e9, en plus de la connaissance, la confiance n\u00e9cessaire pour pr\u00e9senter les examens d\u2019entr\u00e9e \u00e0 mon Ecole Sup\u00e9rieure<\/p>\n<p><img data-recalc-dims=\"1\" loading=\"lazy\" decoding=\"async\" class=\"alignnone wp-image-107\" src=\"https:\/\/i0.wp.com\/richmondlanguage.com\/wp-content\/uploads\/2018\/08\/IMG_32011.jpg?resize=121%2C162&#038;ssl=1\" alt=\"\" width=\"121\" height=\"162\" srcset=\"https:\/\/i0.wp.com\/richmondlanguage.com\/wp-content\/uploads\/2018\/08\/IMG_32011.jpg?w=500&amp;ssl=1 500w, https:\/\/i0.wp.com\/richmondlanguage.com\/wp-content\/uploads\/2018\/08\/IMG_32011.jpg?resize=225%2C300&amp;ssl=1 225w\" sizes=\"auto, (max-width: 121px) 100vw, 121px\" \/>[\/vc_column_text][\/vc_column][vc_column width=\u00a0\u00bb1\/6&Prime;][\/vc_column][\/vc_row]<\/p>\n","protected":false},"excerpt":{"rendered":"<p>[vc_row][vc_column width=\u00a0\u00bb1\/6&Prime;][\/vc_column][vc_column width=\u00a0\u00bb2\/3&Prime;][\/vc_column][vc_column width=\u00a0\u00bb1\/6&Prime;][\/vc_column][\/vc_row][vc_row][vc_column width=\u00a0\u00bb1\/6&Prime;][\/vc_column][vc_column width=\u00a0\u00bb2\/3&Prime;][vc_column_text] Mathilde Fabis, Credit Officer, Groupe BNP Paribas Gr\u00e2ce \u00e0 la m\u00e9thode Ph\u00e9nix de RICHMOND LANGUAGE INSTITUTE j\u2019ai pu rapidement acqu\u00e9rir un niveau de connaissance qui m\u2019a permis de d\u00e9crocher mon nouvel emploi au sein des services internationaux de mon entreprise. La m\u00e9thode pratique et directe me donne aisance et&hellip;<\/p>\n","protected":false},"author":1,"featured_media":0,"parent":0,"menu_order":0,"comment_status":"closed","ping_status":"closed","template":"","meta":{"_exactmetrics_skip_tracking":false,"_exactmetrics_sitenote_active":false,"_exactmetrics_sitenote_note":"","_exactmetrics_sitenote_category":0,"footnotes":""},"class_list":["post-70","page","type-page","status-publish","hentry","description-off"],"yoast_head":"<!-- This site is optimized with the Yoast SEO plugin v27.4 - https:\/\/yoast.com\/product\/yoast-seo-wordpress\/ -->\n<title>Nos t\u00e9moignages - RichmondLanguage<\/title>\n<meta name=\"robots\" content=\"index, follow, max-snippet:-1, max-image-preview:large, max-video-preview:-1\" \/>\n<link rel=\"canonical\" href=\"https:\/\/richmondlanguage.com\/?page_id=70\" \/>\n<meta property=\"og:locale\" content=\"fr_FR\" \/>\n<meta property=\"og:type\" content=\"article\" \/>\n<meta property=\"og:title\" content=\"Nos t\u00e9moignages - RichmondLanguage\" \/>\n<meta property=\"og:description\" content=\"[vc_row][vc_column width=\u00a0\u00bb1\/6&Prime;][\/vc_column][vc_column width=\u00a0\u00bb2\/3&Prime;][\/vc_column][vc_column width=\u00a0\u00bb1\/6&Prime;][\/vc_column][\/vc_row][vc_row][vc_column width=\u00a0\u00bb1\/6&Prime;][\/vc_column][vc_column width=\u00a0\u00bb2\/3&Prime;][vc_column_text] Mathilde Fabis, Credit Officer, Groupe BNP Paribas Gr\u00e2ce \u00e0 la m\u00e9thode Ph\u00e9nix de RICHMOND LANGUAGE INSTITUTE j\u2019ai pu rapidement acqu\u00e9rir un niveau de connaissance qui m\u2019a permis de d\u00e9crocher mon nouvel emploi au sein des services internationaux de mon entreprise. La m\u00e9thode pratique et directe me donne aisance et&hellip;\" \/>\n<meta property=\"og:url\" content=\"https:\/\/richmondlanguage.com\/?page_id=70\" \/>\n<meta property=\"og:site_name\" content=\"RichmondLanguage\" \/>\n<meta property=\"article:modified_time\" content=\"2020-09-26T12:22:08+00:00\" \/>\n<meta property=\"og:image\" content=\"https:\/\/richmondlanguage.com\/wp-content\/uploads\/2018\/08\/mathilde-fabis-005.jpg\" \/>\n<meta name=\"twitter:card\" content=\"summary_large_image\" \/>\n<meta name=\"twitter:label1\" content=\"Dur\u00e9e de lecture estim\u00e9e\" \/>\n\t<meta name=\"twitter:data1\" content=\"1 minute\" \/>\n<script type=\"application\/ld+json\" class=\"yoast-schema-graph\">{\"@context\":\"https:\\\/\\\/schema.org\",\"@graph\":[{\"@type\":\"WebPage\",\"@id\":\"https:\\\/\\\/richmondlanguage.com\\\/?page_id=70\",\"url\":\"https:\\\/\\\/richmondlanguage.com\\\/?page_id=70\",\"name\":\"Nos t\u00e9moignages - RichmondLanguage\",\"isPartOf\":{\"@id\":\"https:\\\/\\\/richmondlanguage.com\\\/#website\"},\"primaryImageOfPage\":{\"@id\":\"https:\\\/\\\/richmondlanguage.com\\\/?page_id=70#primaryimage\"},\"image\":{\"@id\":\"https:\\\/\\\/richmondlanguage.com\\\/?page_id=70#primaryimage\"},\"thumbnailUrl\":\"https:\\\/\\\/richmondlanguage.com\\\/wp-content\\\/uploads\\\/2018\\\/08\\\/mathilde-fabis-005.jpg\",\"datePublished\":\"2018-08-02T11:20:20+00:00\",\"dateModified\":\"2020-09-26T12:22:08+00:00\",\"breadcrumb\":{\"@id\":\"https:\\\/\\\/richmondlanguage.com\\\/?page_id=70#breadcrumb\"},\"inLanguage\":\"fr-FR\",\"potentialAction\":[{\"@type\":\"ReadAction\",\"target\":[\"https:\\\/\\\/richmondlanguage.com\\\/?page_id=70\"]}]},{\"@type\":\"ImageObject\",\"inLanguage\":\"fr-FR\",\"@id\":\"https:\\\/\\\/richmondlanguage.com\\\/?page_id=70#primaryimage\",\"url\":\"https:\\\/\\\/richmondlanguage.com\\\/wp-content\\\/uploads\\\/2018\\\/08\\\/mathilde-fabis-005.jpg\",\"contentUrl\":\"https:\\\/\\\/richmondlanguage.com\\\/wp-content\\\/uploads\\\/2018\\\/08\\\/mathilde-fabis-005.jpg\",\"width\":400,\"height\":400},{\"@type\":\"BreadcrumbList\",\"@id\":\"https:\\\/\\\/richmondlanguage.com\\\/?page_id=70#breadcrumb\",\"itemListElement\":[{\"@type\":\"ListItem\",\"position\":1,\"name\":\"Accueil\",\"item\":\"https:\\\/\\\/richmondlanguage.com\\\/\"},{\"@type\":\"ListItem\",\"position\":2,\"name\":\"Nos t\u00e9moignages\"}]},{\"@type\":\"WebSite\",\"@id\":\"https:\\\/\\\/richmondlanguage.com\\\/#website\",\"url\":\"https:\\\/\\\/richmondlanguage.com\\\/\",\"name\":\"RichmondLanguage\",\"description\":\"Centre de formation des langues vivantes\",\"potentialAction\":[{\"@type\":\"SearchAction\",\"target\":{\"@type\":\"EntryPoint\",\"urlTemplate\":\"https:\\\/\\\/richmondlanguage.com\\\/?s={search_term_string}\"},\"query-input\":{\"@type\":\"PropertyValueSpecification\",\"valueRequired\":true,\"valueName\":\"search_term_string\"}}],\"inLanguage\":\"fr-FR\"}]}<\/script>\n<!-- \/ Yoast SEO plugin. -->","yoast_head_json":{"title":"Nos t\u00e9moignages - RichmondLanguage","robots":{"index":"index","follow":"follow","max-snippet":"max-snippet:-1","max-image-preview":"max-image-preview:large","max-video-preview":"max-video-preview:-1"},"canonical":"https:\/\/richmondlanguage.com\/?page_id=70","og_locale":"fr_FR","og_type":"article","og_title":"Nos t\u00e9moignages - RichmondLanguage","og_description":"[vc_row][vc_column width=\u00a0\u00bb1\/6&Prime;][\/vc_column][vc_column width=\u00a0\u00bb2\/3&Prime;][\/vc_column][vc_column width=\u00a0\u00bb1\/6&Prime;][\/vc_column][\/vc_row][vc_row][vc_column width=\u00a0\u00bb1\/6&Prime;][\/vc_column][vc_column width=\u00a0\u00bb2\/3&Prime;][vc_column_text] Mathilde Fabis, Credit Officer, Groupe BNP Paribas Gr\u00e2ce \u00e0 la m\u00e9thode Ph\u00e9nix de RICHMOND LANGUAGE INSTITUTE j\u2019ai pu rapidement acqu\u00e9rir un niveau de connaissance qui m\u2019a permis de d\u00e9crocher mon nouvel emploi au sein des services internationaux de mon entreprise. La m\u00e9thode pratique et directe me donne aisance et&hellip;","og_url":"https:\/\/richmondlanguage.com\/?page_id=70","og_site_name":"RichmondLanguage","article_modified_time":"2020-09-26T12:22:08+00:00","og_image":[{"url":"https:\/\/richmondlanguage.com\/wp-content\/uploads\/2018\/08\/mathilde-fabis-005.jpg","type":"","width":"","height":""}],"twitter_card":"summary_large_image","twitter_misc":{"Dur\u00e9e de lecture estim\u00e9e":"1 minute"},"schema":{"@context":"https:\/\/schema.org","@graph":[{"@type":"WebPage","@id":"https:\/\/richmondlanguage.com\/?page_id=70","url":"https:\/\/richmondlanguage.com\/?page_id=70","name":"Nos t\u00e9moignages - RichmondLanguage","isPartOf":{"@id":"https:\/\/richmondlanguage.com\/#website"},"primaryImageOfPage":{"@id":"https:\/\/richmondlanguage.com\/?page_id=70#primaryimage"},"image":{"@id":"https:\/\/richmondlanguage.com\/?page_id=70#primaryimage"},"thumbnailUrl":"https:\/\/richmondlanguage.com\/wp-content\/uploads\/2018\/08\/mathilde-fabis-005.jpg","datePublished":"2018-08-02T11:20:20+00:00","dateModified":"2020-09-26T12:22:08+00:00","breadcrumb":{"@id":"https:\/\/richmondlanguage.com\/?page_id=70#breadcrumb"},"inLanguage":"fr-FR","potentialAction":[{"@type":"ReadAction","target":["https:\/\/richmondlanguage.com\/?page_id=70"]}]},{"@type":"ImageObject","inLanguage":"fr-FR","@id":"https:\/\/richmondlanguage.com\/?page_id=70#primaryimage","url":"https:\/\/richmondlanguage.com\/wp-content\/uploads\/2018\/08\/mathilde-fabis-005.jpg","contentUrl":"https:\/\/richmondlanguage.com\/wp-content\/uploads\/2018\/08\/mathilde-fabis-005.jpg","width":400,"height":400},{"@type":"BreadcrumbList","@id":"https:\/\/richmondlanguage.com\/?page_id=70#breadcrumb","itemListElement":[{"@type":"ListItem","position":1,"name":"Accueil","item":"https:\/\/richmondlanguage.com\/"},{"@type":"ListItem","position":2,"name":"Nos t\u00e9moignages"}]},{"@type":"WebSite","@id":"https:\/\/richmondlanguage.com\/#website","url":"https:\/\/richmondlanguage.com\/","name":"RichmondLanguage","description":"Centre de formation des langues vivantes","potentialAction":[{"@type":"SearchAction","target":{"@type":"EntryPoint","urlTemplate":"https:\/\/richmondlanguage.com\/?s={search_term_string}"},"query-input":{"@type":"PropertyValueSpecification","valueRequired":true,"valueName":"search_term_string"}}],"inLanguage":"fr-FR"}]}},"jetpack_sharing_enabled":true,"_links":{"self":[{"href":"https:\/\/richmondlanguage.com\/index.php?rest_route=\/wp\/v2\/pages\/70","targetHints":{"allow":["GET"]}}],"collection":[{"href":"https:\/\/richmondlanguage.com\/index.php?rest_route=\/wp\/v2\/pages"}],"about":[{"href":"https:\/\/richmondlanguage.com\/index.php?rest_route=\/wp\/v2\/types\/page"}],"author":[{"embeddable":true,"href":"https:\/\/richmondlanguage.com\/index.php?rest_route=\/wp\/v2\/users\/1"}],"replies":[{"embeddable":true,"href":"https:\/\/richmondlanguage.com\/index.php?rest_route=%2Fwp%2Fv2%2Fcomments&post=70"}],"version-history":[{"count":7,"href":"https:\/\/richmondlanguage.com\/index.php?rest_route=\/wp\/v2\/pages\/70\/revisions"}],"predecessor-version":[{"id":274,"href":"https:\/\/richmondlanguage.com\/index.php?rest_route=\/wp\/v2\/pages\/70\/revisions\/274"}],"wp:attachment":[{"href":"https:\/\/richmondlanguage.com\/index.php?rest_route=%2Fwp%2Fv2%2Fmedia&parent=70"}],"curies":[{"name":"wp","href":"https:\/\/api.w.org\/{rel}","templated":true}]}}