{"id":229,"date":"2020-09-15T15:08:03","date_gmt":"2020-09-15T15:08:03","guid":{"rendered":"https:\/\/richmondlanguage.fr\/?page_id=229"},"modified":"2022-01-06T16:33:04","modified_gmt":"2022-01-06T16:33:04","slug":"rgpd","status":"publish","type":"page","link":"https:\/\/richmondlanguage.com\/?page_id=229","title":{"rendered":"RGPD"},"content":{"rendered":"<p>Cette politique RGPD s\u2019applique \u00e0 Richmond Language Institute,<\/p>\n<p><strong>L\u2019engagement de Richmond Language Institute<\/strong><\/p>\n<p>RICHMOND LANGUAGE INSTITUTE s\u2019engage \u00e0 int\u00e9grer la protection des donn\u00e9es \u00e0 caract\u00e8re personnel dans sa strat\u00e9gie d\u2019entreprise, dans le respect de la l\u00e9gislation et de la r\u00e8glementation en vigueur.<\/p>\n<p>RICHMOND LANGUAGE INSTITUTE s\u2019engage \u00e0 adapter en permanence ses processus et ses proc\u00e9dures de sorte \u00e0 ce qu\u2019ils restent conformes \u00e0 la r\u00e8glementation, qu\u2019ils soient transparents et que les personnes concern\u00e9es soient inform\u00e9es de mani\u00e8re concise, transparente et compr\u00e9hensible du traitement qu\u2019il sera fait de leurs donn\u00e9es ; cette information devant leur \u00eatre ais\u00e9ment accessible.<\/p>\n<p>RICHMOND LANGUAGE INSTITUTE s\u2019inscrit d\u00e8s lors dans le respect de la R\u00e8glementation G\u00e9n\u00e9rale sur la Protection des Donn\u00e9es (RGPD)*.<\/p>\n<p><strong>D\u00e9finitions<\/strong><\/p>\n<ul>\n<li>Donn\u00e9e \u00e0 caract\u00e8re personnel : donn\u00e9e contenant des d\u00e9tails sur les circonstances personnelles ou factuelles d\u2019une personne physique particuli\u00e8re ou identifiable<\/li>\n<li>Traitement de donn\u00e9es : op\u00e9ration ou ensemble d\u2019op\u00e9rations effectu\u00e9es sur des Donn\u00e9es Personnelles ou sur des ensembles de Donn\u00e9es Personnelles, que ce soit par des moyens automatis\u00e9s ou non, tels que la collecte, l\u2019enregistrement, l\u2019organisation, la structuration, le stockage, l\u2019adaptation ou l\u2019alt\u00e9ration, la r\u00e9cup\u00e9ration, la consultation, l\u2019utilisation, la divulgation par transmission, diffusion ou autre mise \u00e0 disposition, l\u2019alignement ou la combinaison, la restriction, l\u2019effacement ou la destruction.<\/li>\n<\/ul>\n<p><strong>Responsable du traitement de donn\u00e9es<\/strong><\/p>\n<p>RICHMOND LANGUAGE INSTITUTE est responsable du traitement de donn\u00e9es \u00e0 caract\u00e8re personnel dans le cadre des activit\u00e9s suivantes :<\/p>\n<ul>\n<li>Administration de la soci\u00e9t\u00e9 et aspects l\u00e9gaux<\/li>\n<li>Business Development et gestion des clients<\/li>\n<li>Gestion des fournisseurs<\/li>\n<li>Gestion des Ressources humaines<\/li>\n<li>Gestion IT<\/li>\n<li>Gestion de la communication et des relations publiques<\/li>\n<li>Gestion financi\u00e8re<\/li>\n<li>Gestion environnementale<\/li>\n<\/ul>\n<p>Dans ce cadre, chaque membre du personnel amen\u00e9 \u00e0 traiter des donn\u00e9es personnelles veillera \u00e0 respecter la plus stricte confidentialit\u00e9 par rapport aux donn\u00e9es trait\u00e9es.<\/p>\n<p>Le respect des exigences r\u00e9sultant de cette politique doit toujours \u00eatre v\u00e9rifiable au moyen d\u2019une documentation \u00e9crite en ce qui concerne les mesures prises et les \u00e9l\u00e9ments pertinents li\u00e9s au traitement des donn\u00e9es qui sont repris au sein de diff\u00e9rents registres, listes (listes clients, listes de personnes enseignantes et personnes travaillant en sous-traitance) et h\u00e9berg\u00e9 soit sur le site ou dans disques durs.<\/p>\n<p>La v\u00e9rification du respect de ces exigences revient au D\u00e9l\u00e9gu\u00e9 \u00e0 la Protection des Donn\u00e9es (DPO).<\/p>\n<p><strong>Le d\u00e9l\u00e9gu\u00e9 \u00e0 la protection des donn\u00e9es<\/strong><\/p>\n<p>Conform\u00e9ment \u00e0 la r\u00e8glementation, RICHMOND LANGUAGE INSTITUTE doit d\u00e9signer un D\u00e9l\u00e9gu\u00e9 \u00e0 la Protection des Donn\u00e9es (DPO) qui travaille avec le support de la Direction g\u00e9n\u00e9rale. Le DPO pour Richmond Language Institute est\u00a0: Bruno Vandenbroucke.<\/p>\n<p>Celui-ci peut \u00eatre contact\u00e9 \u00e0 l\u2019adresse suivante : <a href=\"mailto:bruno.vandenbroucke@richmondlanguage.fr\">bruno.vandenbroucke@richmondlanguage.fr<\/a><\/p>\n<p>Toute demande d\u2019information sur le traitement de donn\u00e9es \u00e0 caract\u00e8re personnel par Richmond Language Institute, ainsi que toute demande visant \u00e0 prendre connaissance, rectifier, compl\u00e9ter ou effacer les donn\u00e9es \u00e0 caract\u00e8re personnel sont \u00e0 introduire aupr\u00e8s du DPO.<\/p>\n<p>Les donn\u00e9es \u00e0 caract\u00e8re personnel qui doivent \u00eatre conserv\u00e9es en vertu de la loi ou d\u2019une convention ne pourront pas \u00eatre effac\u00e9es.<\/p>\n<p><strong>Communication de donn\u00e9es \u00e0 des tiers<\/strong><\/p>\n<p>Toutes les donn\u00e9es \u00e0 caract\u00e8re personnel collect\u00e9es sont trait\u00e9es de mani\u00e8re strictement confidentielle et peuvent uniquement \u00eatre communiqu\u00e9es \u00e0 des tiers dans la mesure o\u00f9 cela est n\u00e9cessaire \u00e0 la r\u00e9alisation des finalit\u00e9s d\u00e9crites dans le contrat liant RICHMOND LANGUAGE INSTITUTE et la personne dont les donn\u00e9es sont trait\u00e9es et dans la mesure o\u00f9 cela est conforme aux dispositions l\u00e9gales en la mati\u00e8re.<\/p>\n<p>Ces tiers recevront uniquement les donn\u00e9es \u00e0 caract\u00e8re personnel n\u00e9cessaires \u00e0 l\u2019ex\u00e9cution des missions qui leur ont \u00e9t\u00e9 confi\u00e9es et moyennant la souscription par ces tiers d\u2019un engagement de respect de la confidentialit\u00e9, des r\u00e8gles d\u00e9finies par le RGPD et de la pr\u00e9sente politique.<\/p>\n<p><strong>D\u00e9lai de conservation des donn\u00e9es \u00e0 caract\u00e8re personnel<\/strong><\/p>\n<p>Toutes les donn\u00e9es \u00e0 caract\u00e8re personnel collect\u00e9es sont conserv\u00e9es le temps n\u00e9cessaire \u00e0 l\u2019accomplissement de la finalit\u00e9 du traitement des donn\u00e9es ou du d\u00e9lai pr\u00e9vu par la l\u00e9gislation.<\/p>\n<p><strong>S\u00e9curisation des donn\u00e9es \u00e0 caract\u00e8re personnel<\/strong><\/p>\n<p>Toutes les mesures techniques et op\u00e9rationnelles appropri\u00e9es qui permettent de garantir la confidentialit\u00e9 des donn\u00e9es \u00e0 caract\u00e8re personnel et d\u2019emp\u00eacher un acc\u00e8s non autoris\u00e9 ou d\u2019utilisation non autoris\u00e9e des donn\u00e9es \u00e0 caract\u00e8re personnel, sont prises.<\/p>\n<p><strong>Sensibilisation, information et partenariat<\/strong><\/p>\n<p>La sensibilisation et l\u2019information s\u2019inscrivent dans le long terme. \u00a0Tant le personnel de RICHMOND LANGUAGE INSTITUTE que les fournisseurs, les enseignants, les clients, sont sensibilis\u00e9s \u00e0 la politique de RICHMOND LANGUAGE INSTITUTE en mati\u00e8re de protection des donn\u00e9es \u00e0 caract\u00e8re personnel par le biais d\u2019informations r\u00e9guli\u00e8res et de formations ad\u00e9quates.<\/p>\n<p><strong>Evaluation et mise \u00e0 jour de cette politique<\/strong><\/p>\n<p>La pr\u00e9sente politique en mati\u00e8re de protection des donn\u00e9es \u00e0 caract\u00e8re personnel est r\u00e9guli\u00e8rement \u00e9valu\u00e9e et mise \u00e0 jour en fonction:<\/p>\n<ul>\n<li>de l\u2019\u00e9tat d\u2019avancement des actions de mise en conformit\u00e9 des processus et des proc\u00e9dures de RICHMOND LANGUAGE INSTITUTE avec la nouvelle r\u00e8glementation;<\/li>\n<li>de la veille r\u00e8glementaire;<\/li>\n<li>des audits men\u00e9s par le DPO;<\/li>\n<li>des demandes de l\u2019autorit\u00e9 de contr\u00f4le.<\/li>\n<\/ul>\n<p>*<strong>R\u00e8glement (UE) 2016\/679 du Parlement europ\u00e9en et du Conseil du 27 avril 2016 relatif \u00e0 la protection des personnes physiques \u00e0 l\u2019\u00e9gard du traitement des donn\u00e9es \u00e0 caract\u00e8re personnel et \u00e0 la libre circulation de ces donn\u00e9es, et abrogeant la directive 95\/46\/CE (r\u00e8glement g\u00e9n\u00e9ral sur la protection des donn\u00e9es<\/strong><\/p>\n<p>&nbsp;<\/p>\n","protected":false},"excerpt":{"rendered":"<p>Cette politique RGPD s\u2019applique \u00e0 Richmond Language Institute, L\u2019engagement de Richmond Language Institute RICHMOND LANGUAGE INSTITUTE s\u2019engage \u00e0 int\u00e9grer la protection des donn\u00e9es \u00e0 caract\u00e8re personnel dans sa strat\u00e9gie d\u2019entreprise, dans le respect de la l\u00e9gislation et de la r\u00e8glementation en vigueur. RICHMOND LANGUAGE INSTITUTE s\u2019engage \u00e0 adapter en permanence ses processus et ses proc\u00e9dures&hellip;<\/p>\n","protected":false},"author":1,"featured_media":0,"parent":0,"menu_order":0,"comment_status":"closed","ping_status":"closed","template":"","meta":{"_exactmetrics_skip_tracking":false,"_exactmetrics_sitenote_active":false,"_exactmetrics_sitenote_note":"","_exactmetrics_sitenote_category":0,"footnotes":""},"class_list":["post-229","page","type-page","status-publish","hentry","description-off"],"yoast_head":"<!-- This site is optimized with the Yoast SEO plugin v27.4 - https:\/\/yoast.com\/product\/yoast-seo-wordpress\/ -->\n<title>RGPD - RichmondLanguage<\/title>\n<meta name=\"robots\" content=\"index, follow, max-snippet:-1, max-image-preview:large, max-video-preview:-1\" \/>\n<link rel=\"canonical\" href=\"https:\/\/richmondlanguage.com\/?page_id=229\" \/>\n<meta property=\"og:locale\" content=\"fr_FR\" \/>\n<meta property=\"og:type\" content=\"article\" \/>\n<meta property=\"og:title\" content=\"RGPD - RichmondLanguage\" \/>\n<meta property=\"og:description\" content=\"Cette politique RGPD s\u2019applique \u00e0 Richmond Language Institute, L\u2019engagement de Richmond Language Institute RICHMOND LANGUAGE INSTITUTE s\u2019engage \u00e0 int\u00e9grer la protection des donn\u00e9es \u00e0 caract\u00e8re personnel dans sa strat\u00e9gie d\u2019entreprise, dans le respect de la l\u00e9gislation et de la r\u00e8glementation en vigueur. RICHMOND LANGUAGE INSTITUTE s\u2019engage \u00e0 adapter en permanence ses processus et ses proc\u00e9dures&hellip;\" \/>\n<meta property=\"og:url\" content=\"https:\/\/richmondlanguage.com\/?page_id=229\" \/>\n<meta property=\"og:site_name\" content=\"RichmondLanguage\" \/>\n<meta property=\"article:modified_time\" content=\"2022-01-06T16:33:04+00:00\" \/>\n<meta name=\"twitter:card\" content=\"summary_large_image\" \/>\n<meta name=\"twitter:label1\" content=\"Dur\u00e9e de lecture estim\u00e9e\" \/>\n\t<meta name=\"twitter:data1\" content=\"5 minutes\" \/>\n<script type=\"application\/ld+json\" class=\"yoast-schema-graph\">{\"@context\":\"https:\\\/\\\/schema.org\",\"@graph\":[{\"@type\":\"WebPage\",\"@id\":\"https:\\\/\\\/richmondlanguage.com\\\/?page_id=229\",\"url\":\"https:\\\/\\\/richmondlanguage.com\\\/?page_id=229\",\"name\":\"RGPD - RichmondLanguage\",\"isPartOf\":{\"@id\":\"https:\\\/\\\/richmondlanguage.com\\\/#website\"},\"datePublished\":\"2020-09-15T15:08:03+00:00\",\"dateModified\":\"2022-01-06T16:33:04+00:00\",\"breadcrumb\":{\"@id\":\"https:\\\/\\\/richmondlanguage.com\\\/?page_id=229#breadcrumb\"},\"inLanguage\":\"fr-FR\",\"potentialAction\":[{\"@type\":\"ReadAction\",\"target\":[\"https:\\\/\\\/richmondlanguage.com\\\/?page_id=229\"]}]},{\"@type\":\"BreadcrumbList\",\"@id\":\"https:\\\/\\\/richmondlanguage.com\\\/?page_id=229#breadcrumb\",\"itemListElement\":[{\"@type\":\"ListItem\",\"position\":1,\"name\":\"Accueil\",\"item\":\"https:\\\/\\\/richmondlanguage.com\\\/\"},{\"@type\":\"ListItem\",\"position\":2,\"name\":\"RGPD\"}]},{\"@type\":\"WebSite\",\"@id\":\"https:\\\/\\\/richmondlanguage.com\\\/#website\",\"url\":\"https:\\\/\\\/richmondlanguage.com\\\/\",\"name\":\"RichmondLanguage\",\"description\":\"Centre de formation des langues vivantes\",\"potentialAction\":[{\"@type\":\"SearchAction\",\"target\":{\"@type\":\"EntryPoint\",\"urlTemplate\":\"https:\\\/\\\/richmondlanguage.com\\\/?s={search_term_string}\"},\"query-input\":{\"@type\":\"PropertyValueSpecification\",\"valueRequired\":true,\"valueName\":\"search_term_string\"}}],\"inLanguage\":\"fr-FR\"}]}<\/script>\n<!-- \/ Yoast SEO plugin. -->","yoast_head_json":{"title":"RGPD - RichmondLanguage","robots":{"index":"index","follow":"follow","max-snippet":"max-snippet:-1","max-image-preview":"max-image-preview:large","max-video-preview":"max-video-preview:-1"},"canonical":"https:\/\/richmondlanguage.com\/?page_id=229","og_locale":"fr_FR","og_type":"article","og_title":"RGPD - RichmondLanguage","og_description":"Cette politique RGPD s\u2019applique \u00e0 Richmond Language Institute, L\u2019engagement de Richmond Language Institute RICHMOND LANGUAGE INSTITUTE s\u2019engage \u00e0 int\u00e9grer la protection des donn\u00e9es \u00e0 caract\u00e8re personnel dans sa strat\u00e9gie d\u2019entreprise, dans le respect de la l\u00e9gislation et de la r\u00e8glementation en vigueur. RICHMOND LANGUAGE INSTITUTE s\u2019engage \u00e0 adapter en permanence ses processus et ses proc\u00e9dures&hellip;","og_url":"https:\/\/richmondlanguage.com\/?page_id=229","og_site_name":"RichmondLanguage","article_modified_time":"2022-01-06T16:33:04+00:00","twitter_card":"summary_large_image","twitter_misc":{"Dur\u00e9e de lecture estim\u00e9e":"5 minutes"},"schema":{"@context":"https:\/\/schema.org","@graph":[{"@type":"WebPage","@id":"https:\/\/richmondlanguage.com\/?page_id=229","url":"https:\/\/richmondlanguage.com\/?page_id=229","name":"RGPD - RichmondLanguage","isPartOf":{"@id":"https:\/\/richmondlanguage.com\/#website"},"datePublished":"2020-09-15T15:08:03+00:00","dateModified":"2022-01-06T16:33:04+00:00","breadcrumb":{"@id":"https:\/\/richmondlanguage.com\/?page_id=229#breadcrumb"},"inLanguage":"fr-FR","potentialAction":[{"@type":"ReadAction","target":["https:\/\/richmondlanguage.com\/?page_id=229"]}]},{"@type":"BreadcrumbList","@id":"https:\/\/richmondlanguage.com\/?page_id=229#breadcrumb","itemListElement":[{"@type":"ListItem","position":1,"name":"Accueil","item":"https:\/\/richmondlanguage.com\/"},{"@type":"ListItem","position":2,"name":"RGPD"}]},{"@type":"WebSite","@id":"https:\/\/richmondlanguage.com\/#website","url":"https:\/\/richmondlanguage.com\/","name":"RichmondLanguage","description":"Centre de formation des langues vivantes","potentialAction":[{"@type":"SearchAction","target":{"@type":"EntryPoint","urlTemplate":"https:\/\/richmondlanguage.com\/?s={search_term_string}"},"query-input":{"@type":"PropertyValueSpecification","valueRequired":true,"valueName":"search_term_string"}}],"inLanguage":"fr-FR"}]}},"jetpack_sharing_enabled":true,"_links":{"self":[{"href":"https:\/\/richmondlanguage.com\/index.php?rest_route=\/wp\/v2\/pages\/229","targetHints":{"allow":["GET"]}}],"collection":[{"href":"https:\/\/richmondlanguage.com\/index.php?rest_route=\/wp\/v2\/pages"}],"about":[{"href":"https:\/\/richmondlanguage.com\/index.php?rest_route=\/wp\/v2\/types\/page"}],"author":[{"embeddable":true,"href":"https:\/\/richmondlanguage.com\/index.php?rest_route=\/wp\/v2\/users\/1"}],"replies":[{"embeddable":true,"href":"https:\/\/richmondlanguage.com\/index.php?rest_route=%2Fwp%2Fv2%2Fcomments&post=229"}],"version-history":[{"count":1,"href":"https:\/\/richmondlanguage.com\/index.php?rest_route=\/wp\/v2\/pages\/229\/revisions"}],"predecessor-version":[{"id":230,"href":"https:\/\/richmondlanguage.com\/index.php?rest_route=\/wp\/v2\/pages\/229\/revisions\/230"}],"wp:attachment":[{"href":"https:\/\/richmondlanguage.com\/index.php?rest_route=%2Fwp%2Fv2%2Fmedia&parent=229"}],"curies":[{"name":"wp","href":"https:\/\/api.w.org\/{rel}","templated":true}]}}