{"id":151,"date":"2018-08-22T22:08:19","date_gmt":"2018-08-22T22:08:19","guid":{"rendered":"https:\/\/richmondlanguage.fr\/?page_id=151"},"modified":"2018-09-11T23:12:44","modified_gmt":"2018-09-11T23:12:44","slug":"entreprises","status":"publish","type":"page","link":"https:\/\/richmondlanguage.com\/?page_id=151","title":{"rendered":"Entreprises"},"content":{"rendered":"<p>[vc_row][vc_column width=\u00a0\u00bb1\/4&Prime;][\/vc_column][vc_column width=\u00a0\u00bb3\/4&Prime;][vc_custom_heading text=\u00a0\u00bbBesoin de former votre personnel aux langues vivantes ?\u00a0\u00bb font_container=\u00a0\u00bbtag:h1|text_align:left\u00a0\u00bb use_theme_fonts=\u00a0\u00bbyes\u00a0\u00bb][vc_column_text]L\u2019internationalisation des relations nous oblige \u00e0 nous exprimer dans d\u2019autres langues que notre langue maternelle. Votre entreprise est ou sera confront\u00e9 au besoin de former son personnel \u00e0 d&rsquo;autres langues que le fran\u00e7ais.<\/p>\n<p>RICHMOND LANGUAGE INSTITUTE forme vos salari\u00e9s In Situ.<\/p>\n<p>Gr\u00e2ce \u00e0 sa m\u00e9thodologie \u00ab\u00a0Phoenix\u00a0\u00bb et ses modules adapt\u00e9s \u00e0 votre milieu professionnel, RICHMOND LANGUAGE INSTITUTE vous accompagne dans une approche directe et efficace de la langue \u00e9tudi\u00e9e mais aussi dans son perfectionnement.<\/p>\n<p>Nous nous ferons un plaisir d\u2019\u00e9laborer un programme cadrant avec votre milieu professionnel ce qui a pour effet d\u2019acc\u00e9l\u00e9rer l\u2019apprentissage dans un environnement connu de l&rsquo;apprenant.<\/p>\n<p>Notre syst\u00e8me d&rsquo;\u00e9valuation des niveaux est en accordance du CERL (Cadre Europ\u00e9en de R\u00e9f\u00e9rence pour les Langues)<\/p>\n<p>Nos professeurs sont tous de langue maternelle de la langue \u00e9tudi\u00e9e ou peuvent justifier de plusieurs ann\u00e9es pass\u00e9es, de mani\u00e8re continue, dans un pays dont la langue \u00e9tudi\u00e9e est langue v\u00e9hiculaire. Chaque professeur a sign\u00e9 la Charte de Qualit\u00e9 garantissant leur int\u00e9grit\u00e9, leur probit\u00e9 et a fourni un Bulletin n\u00b03 d\u00e9livr\u00e9 par le Minist\u00e8re de la Justice de la Republique Fran\u00e7aise[\/vc_column_text][\/vc_column][\/vc_row]<\/p>\n","protected":false},"excerpt":{"rendered":"<p>[vc_row][vc_column width=\u00a0\u00bb1\/4&Prime;][\/vc_column][vc_column width=\u00a0\u00bb3\/4&Prime;][vc_custom_heading text=\u00a0\u00bbBesoin de former votre personnel aux langues vivantes ?\u00a0\u00bb font_container=\u00a0\u00bbtag:h1|text_align:left\u00a0\u00bb use_theme_fonts=\u00a0\u00bbyes\u00a0\u00bb][vc_column_text]L\u2019internationalisation des relations nous oblige \u00e0 nous exprimer dans d\u2019autres langues que notre langue maternelle. Votre entreprise est ou sera confront\u00e9 au besoin de former son personnel \u00e0 d&rsquo;autres langues que le fran\u00e7ais. RICHMOND LANGUAGE INSTITUTE forme vos salari\u00e9s In Situ. Gr\u00e2ce&hellip;<\/p>\n","protected":false},"author":1,"featured_media":0,"parent":0,"menu_order":0,"comment_status":"closed","ping_status":"closed","template":"","meta":{"_exactmetrics_skip_tracking":false,"_exactmetrics_sitenote_active":false,"_exactmetrics_sitenote_note":"","_exactmetrics_sitenote_category":0,"footnotes":""},"class_list":["post-151","page","type-page","status-publish","hentry","description-off"],"yoast_head":"<!-- This site is optimized with the Yoast SEO plugin v27.4 - https:\/\/yoast.com\/product\/yoast-seo-wordpress\/ -->\n<title>Entreprises - RichmondLanguage<\/title>\n<meta name=\"robots\" content=\"index, follow, max-snippet:-1, max-image-preview:large, max-video-preview:-1\" \/>\n<link rel=\"canonical\" href=\"https:\/\/richmondlanguage.com\/?page_id=151\" \/>\n<meta property=\"og:locale\" content=\"fr_FR\" \/>\n<meta property=\"og:type\" content=\"article\" \/>\n<meta property=\"og:title\" content=\"Entreprises - RichmondLanguage\" \/>\n<meta property=\"og:description\" content=\"[vc_row][vc_column width=\u00a0\u00bb1\/4&Prime;][\/vc_column][vc_column width=\u00a0\u00bb3\/4&Prime;][vc_custom_heading text=\u00a0\u00bbBesoin de former votre personnel aux langues vivantes ?\u00a0\u00bb font_container=\u00a0\u00bbtag:h1|text_align:left\u00a0\u00bb use_theme_fonts=\u00a0\u00bbyes\u00a0\u00bb][vc_column_text]L\u2019internationalisation des relations nous oblige \u00e0 nous exprimer dans d\u2019autres langues que notre langue maternelle. Votre entreprise est ou sera confront\u00e9 au besoin de former son personnel \u00e0 d&rsquo;autres langues que le fran\u00e7ais. RICHMOND LANGUAGE INSTITUTE forme vos salari\u00e9s In Situ. Gr\u00e2ce&hellip;\" \/>\n<meta property=\"og:url\" content=\"https:\/\/richmondlanguage.com\/?page_id=151\" \/>\n<meta property=\"og:site_name\" content=\"RichmondLanguage\" \/>\n<meta property=\"article:modified_time\" content=\"2018-09-11T23:12:44+00:00\" \/>\n<meta name=\"twitter:card\" content=\"summary_large_image\" \/>\n<meta name=\"twitter:label1\" content=\"Dur\u00e9e de lecture estim\u00e9e\" \/>\n\t<meta name=\"twitter:data1\" content=\"1 minute\" \/>\n<script type=\"application\/ld+json\" class=\"yoast-schema-graph\">{\"@context\":\"https:\\\/\\\/schema.org\",\"@graph\":[{\"@type\":\"WebPage\",\"@id\":\"https:\\\/\\\/richmondlanguage.com\\\/?page_id=151\",\"url\":\"https:\\\/\\\/richmondlanguage.com\\\/?page_id=151\",\"name\":\"Entreprises - RichmondLanguage\",\"isPartOf\":{\"@id\":\"https:\\\/\\\/richmondlanguage.com\\\/#website\"},\"datePublished\":\"2018-08-22T22:08:19+00:00\",\"dateModified\":\"2018-09-11T23:12:44+00:00\",\"breadcrumb\":{\"@id\":\"https:\\\/\\\/richmondlanguage.com\\\/?page_id=151#breadcrumb\"},\"inLanguage\":\"fr-FR\",\"potentialAction\":[{\"@type\":\"ReadAction\",\"target\":[\"https:\\\/\\\/richmondlanguage.com\\\/?page_id=151\"]}]},{\"@type\":\"BreadcrumbList\",\"@id\":\"https:\\\/\\\/richmondlanguage.com\\\/?page_id=151#breadcrumb\",\"itemListElement\":[{\"@type\":\"ListItem\",\"position\":1,\"name\":\"Accueil\",\"item\":\"https:\\\/\\\/richmondlanguage.com\\\/\"},{\"@type\":\"ListItem\",\"position\":2,\"name\":\"Entreprises\"}]},{\"@type\":\"WebSite\",\"@id\":\"https:\\\/\\\/richmondlanguage.com\\\/#website\",\"url\":\"https:\\\/\\\/richmondlanguage.com\\\/\",\"name\":\"RichmondLanguage\",\"description\":\"Centre de formation des langues vivantes\",\"potentialAction\":[{\"@type\":\"SearchAction\",\"target\":{\"@type\":\"EntryPoint\",\"urlTemplate\":\"https:\\\/\\\/richmondlanguage.com\\\/?s={search_term_string}\"},\"query-input\":{\"@type\":\"PropertyValueSpecification\",\"valueRequired\":true,\"valueName\":\"search_term_string\"}}],\"inLanguage\":\"fr-FR\"}]}<\/script>\n<!-- \/ Yoast SEO plugin. -->","yoast_head_json":{"title":"Entreprises - RichmondLanguage","robots":{"index":"index","follow":"follow","max-snippet":"max-snippet:-1","max-image-preview":"max-image-preview:large","max-video-preview":"max-video-preview:-1"},"canonical":"https:\/\/richmondlanguage.com\/?page_id=151","og_locale":"fr_FR","og_type":"article","og_title":"Entreprises - RichmondLanguage","og_description":"[vc_row][vc_column width=\u00a0\u00bb1\/4&Prime;][\/vc_column][vc_column width=\u00a0\u00bb3\/4&Prime;][vc_custom_heading text=\u00a0\u00bbBesoin de former votre personnel aux langues vivantes ?\u00a0\u00bb font_container=\u00a0\u00bbtag:h1|text_align:left\u00a0\u00bb use_theme_fonts=\u00a0\u00bbyes\u00a0\u00bb][vc_column_text]L\u2019internationalisation des relations nous oblige \u00e0 nous exprimer dans d\u2019autres langues que notre langue maternelle. Votre entreprise est ou sera confront\u00e9 au besoin de former son personnel \u00e0 d&rsquo;autres langues que le fran\u00e7ais. RICHMOND LANGUAGE INSTITUTE forme vos salari\u00e9s In Situ. Gr\u00e2ce&hellip;","og_url":"https:\/\/richmondlanguage.com\/?page_id=151","og_site_name":"RichmondLanguage","article_modified_time":"2018-09-11T23:12:44+00:00","twitter_card":"summary_large_image","twitter_misc":{"Dur\u00e9e de lecture estim\u00e9e":"1 minute"},"schema":{"@context":"https:\/\/schema.org","@graph":[{"@type":"WebPage","@id":"https:\/\/richmondlanguage.com\/?page_id=151","url":"https:\/\/richmondlanguage.com\/?page_id=151","name":"Entreprises - RichmondLanguage","isPartOf":{"@id":"https:\/\/richmondlanguage.com\/#website"},"datePublished":"2018-08-22T22:08:19+00:00","dateModified":"2018-09-11T23:12:44+00:00","breadcrumb":{"@id":"https:\/\/richmondlanguage.com\/?page_id=151#breadcrumb"},"inLanguage":"fr-FR","potentialAction":[{"@type":"ReadAction","target":["https:\/\/richmondlanguage.com\/?page_id=151"]}]},{"@type":"BreadcrumbList","@id":"https:\/\/richmondlanguage.com\/?page_id=151#breadcrumb","itemListElement":[{"@type":"ListItem","position":1,"name":"Accueil","item":"https:\/\/richmondlanguage.com\/"},{"@type":"ListItem","position":2,"name":"Entreprises"}]},{"@type":"WebSite","@id":"https:\/\/richmondlanguage.com\/#website","url":"https:\/\/richmondlanguage.com\/","name":"RichmondLanguage","description":"Centre de formation des langues vivantes","potentialAction":[{"@type":"SearchAction","target":{"@type":"EntryPoint","urlTemplate":"https:\/\/richmondlanguage.com\/?s={search_term_string}"},"query-input":{"@type":"PropertyValueSpecification","valueRequired":true,"valueName":"search_term_string"}}],"inLanguage":"fr-FR"}]}},"jetpack_sharing_enabled":true,"_links":{"self":[{"href":"https:\/\/richmondlanguage.com\/index.php?rest_route=\/wp\/v2\/pages\/151","targetHints":{"allow":["GET"]}}],"collection":[{"href":"https:\/\/richmondlanguage.com\/index.php?rest_route=\/wp\/v2\/pages"}],"about":[{"href":"https:\/\/richmondlanguage.com\/index.php?rest_route=\/wp\/v2\/types\/page"}],"author":[{"embeddable":true,"href":"https:\/\/richmondlanguage.com\/index.php?rest_route=\/wp\/v2\/users\/1"}],"replies":[{"embeddable":true,"href":"https:\/\/richmondlanguage.com\/index.php?rest_route=%2Fwp%2Fv2%2Fcomments&post=151"}],"version-history":[{"count":5,"href":"https:\/\/richmondlanguage.com\/index.php?rest_route=\/wp\/v2\/pages\/151\/revisions"}],"predecessor-version":[{"id":178,"href":"https:\/\/richmondlanguage.com\/index.php?rest_route=\/wp\/v2\/pages\/151\/revisions\/178"}],"wp:attachment":[{"href":"https:\/\/richmondlanguage.com\/index.php?rest_route=%2Fwp%2Fv2%2Fmedia&parent=151"}],"curies":[{"name":"wp","href":"https:\/\/api.w.org\/{rel}","templated":true}]}}