{"id":143,"date":"2018-08-22T22:03:48","date_gmt":"2018-08-22T22:03:48","guid":{"rendered":"https:\/\/richmondlanguage.fr\/?page_id=143"},"modified":"2018-09-11T23:12:19","modified_gmt":"2018-09-11T23:12:19","slug":"particulier","status":"publish","type":"page","link":"https:\/\/richmondlanguage.com\/?page_id=143","title":{"rendered":"Particulier"},"content":{"rendered":"<p>[vc_row][vc_column width=\u00a0\u00bb1\/4&Prime;][\/vc_column][vc_column width=\u00a0\u00bb3\/4&Prime;][vc_custom_heading text=\u00a0\u00bbUNE FORMATION POUR LES PARTICULIERS\u00a0\u00bb font_container=\u00a0\u00bbtag:h1|text_align:left\u00a0\u00bb use_theme_fonts=\u00a0\u00bbyes\u00a0\u00bb el_class=\u00a0\u00bb \u00ab\u00a0][vc_column_text]L\u2019internationalisation des relations nous oblige \u00e0 nous exprimer dans d\u2019autres langues que notre langue maternelle.<\/p>\n<p>En France, RICHMOND LANGUAGE INSTITUTE vous forme.<\/p>\n<p>Gr\u00e2ce \u00e0 sa m\u00e9thodologie \u00ab\u00a0Phoenix\u00a0\u00bb et ses modules adapt\u00e9s \u00e0 votre milieu professionnel, de passion ou simplement d&rsquo;int\u00e9r\u00eat personnel,\u00a0 RICHMOND LANGUAGE INSTITUTE vous accompagne dans une approche directe et efficace de la langue \u00e9tudi\u00e9e mais aussi dans son perfectionnement.<\/p>\n<p>La formation individuelle est accessible aux particuliers et peut faire l&rsquo;objet d&rsquo;un financement (CPF) par votre entreprise &#8230;. ou tout simplement priv\u00e9<\/p>\n<p>Nos professeurs sont tous de langue maternelle de la langue \u00e9tudi\u00e9e ou peuvent justifier de plusieurs ann\u00e9es pass\u00e9es, de mani\u00e8re continue, dans un pays dont la langue \u00e9tudi\u00e9e est langue v\u00e9hiculaire. Chaque professeur a sign\u00e9 la Charte de Qualit\u00e9 garantissant leur int\u00e9grit\u00e9, leur probit\u00e9 et a fourni un Bulletin n\u00b03 d\u00e9livr\u00e9 par le Minist\u00e8re de la Justice de la Republique Fran\u00e7aise[\/vc_column_text][\/vc_column][\/vc_row]<\/p>\n","protected":false},"excerpt":{"rendered":"<p>[vc_row][vc_column width=\u00a0\u00bb1\/4&Prime;][\/vc_column][vc_column width=\u00a0\u00bb3\/4&Prime;][vc_custom_heading text=\u00a0\u00bbUNE FORMATION POUR LES PARTICULIERS\u00a0\u00bb font_container=\u00a0\u00bbtag:h1|text_align:left\u00a0\u00bb use_theme_fonts=\u00a0\u00bbyes\u00a0\u00bb el_class=\u00a0\u00bb \u00ab\u00a0][vc_column_text]L\u2019internationalisation des relations nous oblige \u00e0 nous exprimer dans d\u2019autres langues que notre langue maternelle. En France, RICHMOND LANGUAGE INSTITUTE vous forme. Gr\u00e2ce \u00e0 sa m\u00e9thodologie \u00ab\u00a0Phoenix\u00a0\u00bb et ses modules adapt\u00e9s \u00e0 votre milieu professionnel, de passion ou simplement d&rsquo;int\u00e9r\u00eat personnel,\u00a0 RICHMOND LANGUAGE INSTITUTE&hellip;<\/p>\n","protected":false},"author":1,"featured_media":0,"parent":0,"menu_order":0,"comment_status":"closed","ping_status":"closed","template":"","meta":{"_exactmetrics_skip_tracking":false,"_exactmetrics_sitenote_active":false,"_exactmetrics_sitenote_note":"","_exactmetrics_sitenote_category":0,"footnotes":""},"class_list":["post-143","page","type-page","status-publish","hentry","description-off"],"yoast_head":"<!-- This site is optimized with the Yoast SEO plugin v27.4 - https:\/\/yoast.com\/product\/yoast-seo-wordpress\/ -->\n<title>Particulier - RichmondLanguage<\/title>\n<meta name=\"robots\" content=\"index, follow, max-snippet:-1, max-image-preview:large, max-video-preview:-1\" \/>\n<link rel=\"canonical\" href=\"https:\/\/richmondlanguage.com\/?page_id=143\" \/>\n<meta property=\"og:locale\" content=\"fr_FR\" \/>\n<meta property=\"og:type\" content=\"article\" \/>\n<meta property=\"og:title\" content=\"Particulier - RichmondLanguage\" \/>\n<meta property=\"og:description\" content=\"[vc_row][vc_column width=\u00a0\u00bb1\/4&Prime;][\/vc_column][vc_column width=\u00a0\u00bb3\/4&Prime;][vc_custom_heading text=\u00a0\u00bbUNE FORMATION POUR LES PARTICULIERS\u00a0\u00bb font_container=\u00a0\u00bbtag:h1|text_align:left\u00a0\u00bb use_theme_fonts=\u00a0\u00bbyes\u00a0\u00bb el_class=\u00a0\u00bb \u00ab\u00a0][vc_column_text]L\u2019internationalisation des relations nous oblige \u00e0 nous exprimer dans d\u2019autres langues que notre langue maternelle. En France, RICHMOND LANGUAGE INSTITUTE vous forme. Gr\u00e2ce \u00e0 sa m\u00e9thodologie \u00ab\u00a0Phoenix\u00a0\u00bb et ses modules adapt\u00e9s \u00e0 votre milieu professionnel, de passion ou simplement d&rsquo;int\u00e9r\u00eat personnel,\u00a0 RICHMOND LANGUAGE INSTITUTE&hellip;\" \/>\n<meta property=\"og:url\" content=\"https:\/\/richmondlanguage.com\/?page_id=143\" \/>\n<meta property=\"og:site_name\" content=\"RichmondLanguage\" \/>\n<meta property=\"article:modified_time\" content=\"2018-09-11T23:12:19+00:00\" \/>\n<meta name=\"twitter:card\" content=\"summary_large_image\" \/>\n<meta name=\"twitter:label1\" content=\"Dur\u00e9e de lecture estim\u00e9e\" \/>\n\t<meta name=\"twitter:data1\" content=\"1 minute\" \/>\n<script type=\"application\/ld+json\" class=\"yoast-schema-graph\">{\"@context\":\"https:\\\/\\\/schema.org\",\"@graph\":[{\"@type\":\"WebPage\",\"@id\":\"https:\\\/\\\/richmondlanguage.com\\\/?page_id=143\",\"url\":\"https:\\\/\\\/richmondlanguage.com\\\/?page_id=143\",\"name\":\"Particulier - RichmondLanguage\",\"isPartOf\":{\"@id\":\"https:\\\/\\\/richmondlanguage.com\\\/#website\"},\"datePublished\":\"2018-08-22T22:03:48+00:00\",\"dateModified\":\"2018-09-11T23:12:19+00:00\",\"breadcrumb\":{\"@id\":\"https:\\\/\\\/richmondlanguage.com\\\/?page_id=143#breadcrumb\"},\"inLanguage\":\"fr-FR\",\"potentialAction\":[{\"@type\":\"ReadAction\",\"target\":[\"https:\\\/\\\/richmondlanguage.com\\\/?page_id=143\"]}]},{\"@type\":\"BreadcrumbList\",\"@id\":\"https:\\\/\\\/richmondlanguage.com\\\/?page_id=143#breadcrumb\",\"itemListElement\":[{\"@type\":\"ListItem\",\"position\":1,\"name\":\"Accueil\",\"item\":\"https:\\\/\\\/richmondlanguage.com\\\/\"},{\"@type\":\"ListItem\",\"position\":2,\"name\":\"Particulier\"}]},{\"@type\":\"WebSite\",\"@id\":\"https:\\\/\\\/richmondlanguage.com\\\/#website\",\"url\":\"https:\\\/\\\/richmondlanguage.com\\\/\",\"name\":\"RichmondLanguage\",\"description\":\"Centre de formation des langues vivantes\",\"potentialAction\":[{\"@type\":\"SearchAction\",\"target\":{\"@type\":\"EntryPoint\",\"urlTemplate\":\"https:\\\/\\\/richmondlanguage.com\\\/?s={search_term_string}\"},\"query-input\":{\"@type\":\"PropertyValueSpecification\",\"valueRequired\":true,\"valueName\":\"search_term_string\"}}],\"inLanguage\":\"fr-FR\"}]}<\/script>\n<!-- \/ Yoast SEO plugin. -->","yoast_head_json":{"title":"Particulier - RichmondLanguage","robots":{"index":"index","follow":"follow","max-snippet":"max-snippet:-1","max-image-preview":"max-image-preview:large","max-video-preview":"max-video-preview:-1"},"canonical":"https:\/\/richmondlanguage.com\/?page_id=143","og_locale":"fr_FR","og_type":"article","og_title":"Particulier - RichmondLanguage","og_description":"[vc_row][vc_column width=\u00a0\u00bb1\/4&Prime;][\/vc_column][vc_column width=\u00a0\u00bb3\/4&Prime;][vc_custom_heading text=\u00a0\u00bbUNE FORMATION POUR LES PARTICULIERS\u00a0\u00bb font_container=\u00a0\u00bbtag:h1|text_align:left\u00a0\u00bb use_theme_fonts=\u00a0\u00bbyes\u00a0\u00bb el_class=\u00a0\u00bb \u00ab\u00a0][vc_column_text]L\u2019internationalisation des relations nous oblige \u00e0 nous exprimer dans d\u2019autres langues que notre langue maternelle. En France, RICHMOND LANGUAGE INSTITUTE vous forme. Gr\u00e2ce \u00e0 sa m\u00e9thodologie \u00ab\u00a0Phoenix\u00a0\u00bb et ses modules adapt\u00e9s \u00e0 votre milieu professionnel, de passion ou simplement d&rsquo;int\u00e9r\u00eat personnel,\u00a0 RICHMOND LANGUAGE INSTITUTE&hellip;","og_url":"https:\/\/richmondlanguage.com\/?page_id=143","og_site_name":"RichmondLanguage","article_modified_time":"2018-09-11T23:12:19+00:00","twitter_card":"summary_large_image","twitter_misc":{"Dur\u00e9e de lecture estim\u00e9e":"1 minute"},"schema":{"@context":"https:\/\/schema.org","@graph":[{"@type":"WebPage","@id":"https:\/\/richmondlanguage.com\/?page_id=143","url":"https:\/\/richmondlanguage.com\/?page_id=143","name":"Particulier - RichmondLanguage","isPartOf":{"@id":"https:\/\/richmondlanguage.com\/#website"},"datePublished":"2018-08-22T22:03:48+00:00","dateModified":"2018-09-11T23:12:19+00:00","breadcrumb":{"@id":"https:\/\/richmondlanguage.com\/?page_id=143#breadcrumb"},"inLanguage":"fr-FR","potentialAction":[{"@type":"ReadAction","target":["https:\/\/richmondlanguage.com\/?page_id=143"]}]},{"@type":"BreadcrumbList","@id":"https:\/\/richmondlanguage.com\/?page_id=143#breadcrumb","itemListElement":[{"@type":"ListItem","position":1,"name":"Accueil","item":"https:\/\/richmondlanguage.com\/"},{"@type":"ListItem","position":2,"name":"Particulier"}]},{"@type":"WebSite","@id":"https:\/\/richmondlanguage.com\/#website","url":"https:\/\/richmondlanguage.com\/","name":"RichmondLanguage","description":"Centre de formation des langues vivantes","potentialAction":[{"@type":"SearchAction","target":{"@type":"EntryPoint","urlTemplate":"https:\/\/richmondlanguage.com\/?s={search_term_string}"},"query-input":{"@type":"PropertyValueSpecification","valueRequired":true,"valueName":"search_term_string"}}],"inLanguage":"fr-FR"}]}},"jetpack_sharing_enabled":true,"_links":{"self":[{"href":"https:\/\/richmondlanguage.com\/index.php?rest_route=\/wp\/v2\/pages\/143","targetHints":{"allow":["GET"]}}],"collection":[{"href":"https:\/\/richmondlanguage.com\/index.php?rest_route=\/wp\/v2\/pages"}],"about":[{"href":"https:\/\/richmondlanguage.com\/index.php?rest_route=\/wp\/v2\/types\/page"}],"author":[{"embeddable":true,"href":"https:\/\/richmondlanguage.com\/index.php?rest_route=\/wp\/v2\/users\/1"}],"replies":[{"embeddable":true,"href":"https:\/\/richmondlanguage.com\/index.php?rest_route=%2Fwp%2Fv2%2Fcomments&post=143"}],"version-history":[{"count":6,"href":"https:\/\/richmondlanguage.com\/index.php?rest_route=\/wp\/v2\/pages\/143\/revisions"}],"predecessor-version":[{"id":179,"href":"https:\/\/richmondlanguage.com\/index.php?rest_route=\/wp\/v2\/pages\/143\/revisions\/179"}],"wp:attachment":[{"href":"https:\/\/richmondlanguage.com\/index.php?rest_route=%2Fwp%2Fv2%2Fmedia&parent=143"}],"curies":[{"name":"wp","href":"https:\/\/api.w.org\/{rel}","templated":true}]}}