{"id":14,"date":"2018-07-25T10:56:37","date_gmt":"2018-07-25T10:56:37","guid":{"rendered":"http:\/\/www.richmondlanguage.fr\/?page_id=14"},"modified":"2022-04-26T19:30:56","modified_gmt":"2022-04-26T19:30:56","slug":"contact","status":"publish","type":"page","link":"https:\/\/richmondlanguage.com\/?page_id=14","title":{"rendered":"Contact"},"content":{"rendered":"<p>[vc_row][vc_column width=\u00a0\u00bb1\/6&Prime;][\/vc_column][vc_column width=\u00a0\u00bb2\/3&Prime;][vc_custom_heading text=\u00a0\u00bbMERCI DE REMPLIR LE FORMULAIRE POUR NOUS CONTACTER\u00a0\u00bb font_container=\u00a0\u00bbtag:h2|text_align:left|color:%239e224b\u00a0\u00bb use_theme_fonts=\u00a0\u00bbyes\u00a0\u00bb css_animation=\u00a0\u00bbbounceIn\u00a0\u00bb][vc_empty_space][vc_column_text]Merci d&rsquo;envoyer un mail \u00e0 c<a href=\"mailto:contact@richmondlanguage.com\">ontact@richmondlanguage.com<\/a><\/p>\n<p><strong>Avec les infos suivantes<\/strong><\/p>\n<ul>\n<li>Votre Nom (Obligatoire)<\/li>\n<li>Votre email Email (Obligatoire)<\/li>\n<li>Votre T\u00e9l\u00e9phone<\/li>\n<li>Sujet<\/li>\n<li>votre Message<\/li>\n<li>Langue \u00e0 apprendre \u00ab\u00a0Francais\u00a0\u00bb \u00ab\u00a0Anglais\u00a0\u00bb \u00ab\u00a0Espagnol\u00a0\u00bb<\/li>\n<li>Particulier \/ Entreprise<\/li>\n<li>Votre SIREN vous \u00eates une Entreprise<\/li>\n<li>Votre OPCA si vous \u00eates une Entreprise<\/li>\n<\/ul>\n<p>&nbsp;<\/p>\n<p>&nbsp;<\/p>\n<p>&nbsp;<\/p>\n<p>[\/vc_column_text][\/vc_column][vc_column width=\u00a0\u00bb1\/6&Prime;][\/vc_column][\/vc_row][vc_row full_width_row=\u00a0\u00bbtrue\u00a0\u00bb][vc_column css=\u00a0\u00bb.vc_custom_1534976856272{margin-top: 50px !important;}\u00a0\u00bb][vc_raw_html]JTNDaWZyYW1lJTIwc3JjJTNEJTIyaHR0cHMlM0ElMkYlMkZ3d3cuZ29vZ2xlLmNvbSUyRm1hcHMlMkZlbWJlZCUzRnBiJTNEJTIxMW0xOCUyMTFtMTIlMjExbTMlMjExZDI2MjQuNjI1MjEzNDAyMDE5JTIxMmQyLjMyOTA5NTcxNTY3NDY0NCUyMTNkNDguODY1MzU2Nzc5Mjg4MTQlMjEybTMlMjExZjAlMjEyZjAlMjEzZjAlMjEzbTIlMjExaTEwMjQlMjEyaTc2OCUyMTRmMTMuMSUyMTNtMyUyMTFtMiUyMTFzMHg0N2U2NmUyZmNiYzQ5NDU5JTI1M0EweGY3NmQ5NDI5YjhkNjNmMTklMjEyczMyMCUyQlJ1ZSUyQlNhaW50LUhvbm9yJTI1QzMlMjVBOSUyNTJDJTJCNzUwMDElMkJQYXJpcyUyNTJDJTJCRnJhbmNlJTIxNWUwJTIxM20yJTIxMXNmciUyMTJzYmUlMjE0djE1MzQ5NzY3NTU0NDclMjIlMjB3aWR0aCUzRCUyMjEwMCUyNSUyMiUyMGhlaWdodCUzRCUyMjQ1MCUyMiUyMGZyYW1lYm9yZGVyJTNEJTIyMCUyMiUyMHN0eWxlJTNEJTIyYm9yZGVyJTNBMCUyMiUyMGFsbG93ZnVsbHNjcmVlbiUzRSUzQyUyRmlmcmFtZSUzRQ==[\/vc_raw_html][\/vc_column][\/vc_row]<\/p>\n","protected":false},"excerpt":{"rendered":"<p>[vc_row][vc_column width=\u00a0\u00bb1\/6&Prime;][\/vc_column][vc_column width=\u00a0\u00bb2\/3&Prime;][vc_custom_heading text=\u00a0\u00bbMERCI DE REMPLIR LE FORMULAIRE POUR NOUS CONTACTER\u00a0\u00bb font_container=\u00a0\u00bbtag:h2|text_align:left|color:%239e224b\u00a0\u00bb use_theme_fonts=\u00a0\u00bbyes\u00a0\u00bb css_animation=\u00a0\u00bbbounceIn\u00a0\u00bb][vc_empty_space][vc_column_text]Merci d&rsquo;envoyer un mail \u00e0 contact@richmondlanguage.com Avec les infos suivantes Votre Nom (Obligatoire) Votre email Email (Obligatoire) Votre T\u00e9l\u00e9phone Sujet votre Message Langue \u00e0 apprendre \u00ab\u00a0Francais\u00a0\u00bb \u00ab\u00a0Anglais\u00a0\u00bb \u00ab\u00a0Espagnol\u00a0\u00bb Particulier \/ Entreprise Votre SIREN vous \u00eates une Entreprise Votre OPCA si vous \u00eates&hellip;<\/p>\n","protected":false},"author":1,"featured_media":0,"parent":0,"menu_order":0,"comment_status":"closed","ping_status":"closed","template":"","meta":{"_exactmetrics_skip_tracking":false,"_exactmetrics_sitenote_active":false,"_exactmetrics_sitenote_note":"","_exactmetrics_sitenote_category":0,"footnotes":""},"class_list":["post-14","page","type-page","status-publish","hentry","description-off"],"yoast_head":"<!-- This site is optimized with the Yoast SEO plugin v27.4 - https:\/\/yoast.com\/product\/yoast-seo-wordpress\/ -->\n<title>Contact - RichmondLanguage<\/title>\n<meta name=\"robots\" content=\"index, follow, max-snippet:-1, max-image-preview:large, max-video-preview:-1\" \/>\n<link rel=\"canonical\" href=\"https:\/\/richmondlanguage.com\/?page_id=14\" \/>\n<meta property=\"og:locale\" content=\"fr_FR\" \/>\n<meta property=\"og:type\" content=\"article\" \/>\n<meta property=\"og:title\" content=\"Contact - RichmondLanguage\" \/>\n<meta property=\"og:description\" content=\"[vc_row][vc_column width=\u00a0\u00bb1\/6&Prime;][\/vc_column][vc_column width=\u00a0\u00bb2\/3&Prime;][vc_custom_heading text=\u00a0\u00bbMERCI DE REMPLIR LE FORMULAIRE POUR NOUS CONTACTER\u00a0\u00bb font_container=\u00a0\u00bbtag:h2|text_align:left|color:%239e224b\u00a0\u00bb use_theme_fonts=\u00a0\u00bbyes\u00a0\u00bb css_animation=\u00a0\u00bbbounceIn\u00a0\u00bb][vc_empty_space][vc_column_text]Merci d&rsquo;envoyer un mail \u00e0 contact@richmondlanguage.com Avec les infos suivantes Votre Nom (Obligatoire) Votre email Email (Obligatoire) Votre T\u00e9l\u00e9phone Sujet votre Message Langue \u00e0 apprendre \u00ab\u00a0Francais\u00a0\u00bb \u00ab\u00a0Anglais\u00a0\u00bb \u00ab\u00a0Espagnol\u00a0\u00bb Particulier \/ Entreprise Votre SIREN vous \u00eates une Entreprise Votre OPCA si vous \u00eates&hellip;\" \/>\n<meta property=\"og:url\" content=\"https:\/\/richmondlanguage.com\/?page_id=14\" \/>\n<meta property=\"og:site_name\" content=\"RichmondLanguage\" \/>\n<meta property=\"article:modified_time\" content=\"2022-04-26T19:30:56+00:00\" \/>\n<meta name=\"twitter:card\" content=\"summary_large_image\" \/>\n<meta name=\"twitter:label1\" content=\"Dur\u00e9e de lecture estim\u00e9e\" \/>\n\t<meta name=\"twitter:data1\" content=\"1 minute\" \/>\n<script type=\"application\/ld+json\" class=\"yoast-schema-graph\">{\"@context\":\"https:\\\/\\\/schema.org\",\"@graph\":[{\"@type\":\"WebPage\",\"@id\":\"https:\\\/\\\/richmondlanguage.com\\\/?page_id=14\",\"url\":\"https:\\\/\\\/richmondlanguage.com\\\/?page_id=14\",\"name\":\"Contact - RichmondLanguage\",\"isPartOf\":{\"@id\":\"https:\\\/\\\/richmondlanguage.com\\\/#website\"},\"datePublished\":\"2018-07-25T10:56:37+00:00\",\"dateModified\":\"2022-04-26T19:30:56+00:00\",\"breadcrumb\":{\"@id\":\"https:\\\/\\\/richmondlanguage.com\\\/?page_id=14#breadcrumb\"},\"inLanguage\":\"fr-FR\",\"potentialAction\":[{\"@type\":\"ReadAction\",\"target\":[\"https:\\\/\\\/richmondlanguage.com\\\/?page_id=14\"]}]},{\"@type\":\"BreadcrumbList\",\"@id\":\"https:\\\/\\\/richmondlanguage.com\\\/?page_id=14#breadcrumb\",\"itemListElement\":[{\"@type\":\"ListItem\",\"position\":1,\"name\":\"Accueil\",\"item\":\"https:\\\/\\\/richmondlanguage.com\\\/\"},{\"@type\":\"ListItem\",\"position\":2,\"name\":\"Contact\"}]},{\"@type\":\"WebSite\",\"@id\":\"https:\\\/\\\/richmondlanguage.com\\\/#website\",\"url\":\"https:\\\/\\\/richmondlanguage.com\\\/\",\"name\":\"RichmondLanguage\",\"description\":\"Centre de formation des langues vivantes\",\"potentialAction\":[{\"@type\":\"SearchAction\",\"target\":{\"@type\":\"EntryPoint\",\"urlTemplate\":\"https:\\\/\\\/richmondlanguage.com\\\/?s={search_term_string}\"},\"query-input\":{\"@type\":\"PropertyValueSpecification\",\"valueRequired\":true,\"valueName\":\"search_term_string\"}}],\"inLanguage\":\"fr-FR\"}]}<\/script>\n<!-- \/ Yoast SEO plugin. -->","yoast_head_json":{"title":"Contact - RichmondLanguage","robots":{"index":"index","follow":"follow","max-snippet":"max-snippet:-1","max-image-preview":"max-image-preview:large","max-video-preview":"max-video-preview:-1"},"canonical":"https:\/\/richmondlanguage.com\/?page_id=14","og_locale":"fr_FR","og_type":"article","og_title":"Contact - RichmondLanguage","og_description":"[vc_row][vc_column width=\u00a0\u00bb1\/6&Prime;][\/vc_column][vc_column width=\u00a0\u00bb2\/3&Prime;][vc_custom_heading text=\u00a0\u00bbMERCI DE REMPLIR LE FORMULAIRE POUR NOUS CONTACTER\u00a0\u00bb font_container=\u00a0\u00bbtag:h2|text_align:left|color:%239e224b\u00a0\u00bb use_theme_fonts=\u00a0\u00bbyes\u00a0\u00bb css_animation=\u00a0\u00bbbounceIn\u00a0\u00bb][vc_empty_space][vc_column_text]Merci d&rsquo;envoyer un mail \u00e0 contact@richmondlanguage.com Avec les infos suivantes Votre Nom (Obligatoire) Votre email Email (Obligatoire) Votre T\u00e9l\u00e9phone Sujet votre Message Langue \u00e0 apprendre \u00ab\u00a0Francais\u00a0\u00bb \u00ab\u00a0Anglais\u00a0\u00bb \u00ab\u00a0Espagnol\u00a0\u00bb Particulier \/ Entreprise Votre SIREN vous \u00eates une Entreprise Votre OPCA si vous \u00eates&hellip;","og_url":"https:\/\/richmondlanguage.com\/?page_id=14","og_site_name":"RichmondLanguage","article_modified_time":"2022-04-26T19:30:56+00:00","twitter_card":"summary_large_image","twitter_misc":{"Dur\u00e9e de lecture estim\u00e9e":"1 minute"},"schema":{"@context":"https:\/\/schema.org","@graph":[{"@type":"WebPage","@id":"https:\/\/richmondlanguage.com\/?page_id=14","url":"https:\/\/richmondlanguage.com\/?page_id=14","name":"Contact - RichmondLanguage","isPartOf":{"@id":"https:\/\/richmondlanguage.com\/#website"},"datePublished":"2018-07-25T10:56:37+00:00","dateModified":"2022-04-26T19:30:56+00:00","breadcrumb":{"@id":"https:\/\/richmondlanguage.com\/?page_id=14#breadcrumb"},"inLanguage":"fr-FR","potentialAction":[{"@type":"ReadAction","target":["https:\/\/richmondlanguage.com\/?page_id=14"]}]},{"@type":"BreadcrumbList","@id":"https:\/\/richmondlanguage.com\/?page_id=14#breadcrumb","itemListElement":[{"@type":"ListItem","position":1,"name":"Accueil","item":"https:\/\/richmondlanguage.com\/"},{"@type":"ListItem","position":2,"name":"Contact"}]},{"@type":"WebSite","@id":"https:\/\/richmondlanguage.com\/#website","url":"https:\/\/richmondlanguage.com\/","name":"RichmondLanguage","description":"Centre de formation des langues vivantes","potentialAction":[{"@type":"SearchAction","target":{"@type":"EntryPoint","urlTemplate":"https:\/\/richmondlanguage.com\/?s={search_term_string}"},"query-input":{"@type":"PropertyValueSpecification","valueRequired":true,"valueName":"search_term_string"}}],"inLanguage":"fr-FR"}]}},"jetpack_sharing_enabled":true,"_links":{"self":[{"href":"https:\/\/richmondlanguage.com\/index.php?rest_route=\/wp\/v2\/pages\/14","targetHints":{"allow":["GET"]}}],"collection":[{"href":"https:\/\/richmondlanguage.com\/index.php?rest_route=\/wp\/v2\/pages"}],"about":[{"href":"https:\/\/richmondlanguage.com\/index.php?rest_route=\/wp\/v2\/types\/page"}],"author":[{"embeddable":true,"href":"https:\/\/richmondlanguage.com\/index.php?rest_route=\/wp\/v2\/users\/1"}],"replies":[{"embeddable":true,"href":"https:\/\/richmondlanguage.com\/index.php?rest_route=%2Fwp%2Fv2%2Fcomments&post=14"}],"version-history":[{"count":12,"href":"https:\/\/richmondlanguage.com\/index.php?rest_route=\/wp\/v2\/pages\/14\/revisions"}],"predecessor-version":[{"id":338,"href":"https:\/\/richmondlanguage.com\/index.php?rest_route=\/wp\/v2\/pages\/14\/revisions\/338"}],"wp:attachment":[{"href":"https:\/\/richmondlanguage.com\/index.php?rest_route=%2Fwp%2Fv2%2Fmedia&parent=14"}],"curies":[{"name":"wp","href":"https:\/\/api.w.org\/{rel}","templated":true}]}}